{"id":71,"date":"2025-06-02T10:52:15","date_gmt":"2025-06-02T08:52:15","guid":{"rendered":"https:\/\/www.sarahperry.de\/?page_id=71"},"modified":"2025-06-02T10:52:15","modified_gmt":"2025-06-02T08:52:15","slug":"herzlich-willkommen","status":"publish","type":"page","link":"https:\/\/www.sarahperry.de\/","title":{"rendered":"Herzlich willkommen!"},"content":{"rendered":"\n<figure class=\"wp-block-image size-full\"><img loading=\"lazy\" decoding=\"async\" width=\"300\" height=\"300\" src=\"https:\/\/www.sarahperry.de\/wp-content\/uploads\/2022\/01\/14524380_1208109692568597_953429357453115361_o-300x300-1.jpg\" alt=\"\" class=\"wp-image-10\" srcset=\"https:\/\/www.sarahperry.de\/wp-content\/uploads\/2022\/01\/14524380_1208109692568597_953429357453115361_o-300x300-1.jpg 300w, https:\/\/www.sarahperry.de\/wp-content\/uploads\/2022\/01\/14524380_1208109692568597_953429357453115361_o-300x300-1-150x150.jpg 150w\" sizes=\"auto, (max-width: 300px) 100vw, 300px\" \/><\/figure>\n\n\n\n<p>Als B\u00fcrgerin und Politikwissenschaftlerin hoffe ich mit meinen Aktivit\u00e4ten gesellschaftliche Entwicklungen mitgestalten zu k\u00f6nnen. Diese Seite soll einen Eindruck&nbsp;\u00fcber meine Motivation, Interessen und&nbsp;Ideen vermitteln sowie \u00fcber meine Projekte informieren, mit denen ich versuche diese umzusetzen.<\/p>\n\n\n\n<p>Ich freue mich \u00fcber jegliche Fragen, Anmerkungen, Anregungen und Anfragen:&nbsp;<a href=\"mailto:info@sarahperry.de\">Schreiben Sie mir eine Email!<\/a>&nbsp;Ich komme zeitnah&nbsp;auf Sie zur\u00fcck.<\/p>\n\n\n\n<p><\/p>\n","protected":false},"excerpt":{"rendered":"<p>Als B\u00fcrgerin und Politikwissenschaftlerin hoffe ich mit meinen Aktivit\u00e4ten gesellschaftliche Entwicklungen mitgestalten zu k\u00f6nnen. Diese Seite soll einen Eindruck&nbsp;\u00fcber meine Motivation, Interessen und&nbsp;Ideen vermitteln sowie \u00fcber meine Projekte informieren, mit denen ich versuche diese umzusetzen. Ich freue mich \u00fcber jegliche Fragen, Anmerkungen, Anregungen und Anfragen:&nbsp;Schreiben Sie mir eine Email!&nbsp;Ich komme zeitnah&nbsp;auf Sie zur\u00fcck.<\/p>\n","protected":false},"author":2,"featured_media":0,"parent":0,"menu_order":0,"comment_status":"closed","ping_status":"closed","template":"","meta":{"footnotes":""},"class_list":["post-71","page","type-page","status-publish","hentry"],"_links":{"self":[{"href":"https:\/\/www.sarahperry.de\/index.php?rest_route=\/wp\/v2\/pages\/71","targetHints":{"allow":["GET"]}}],"collection":[{"href":"https:\/\/www.sarahperry.de\/index.php?rest_route=\/wp\/v2\/pages"}],"about":[{"href":"https:\/\/www.sarahperry.de\/index.php?rest_route=\/wp\/v2\/types\/page"}],"author":[{"embeddable":true,"href":"https:\/\/www.sarahperry.de\/index.php?rest_route=\/wp\/v2\/users\/2"}],"replies":[{"embeddable":true,"href":"https:\/\/www.sarahperry.de\/index.php?rest_route=%2Fwp%2Fv2%2Fcomments&post=71"}],"version-history":[{"count":1,"href":"https:\/\/www.sarahperry.de\/index.php?rest_route=\/wp\/v2\/pages\/71\/revisions"}],"predecessor-version":[{"id":72,"href":"https:\/\/www.sarahperry.de\/index.php?rest_route=\/wp\/v2\/pages\/71\/revisions\/72"}],"wp:attachment":[{"href":"https:\/\/www.sarahperry.de\/index.php?rest_route=%2Fwp%2Fv2%2Fmedia&parent=71"}],"curies":[{"name":"wp","href":"https:\/\/api.w.org\/{rel}","templated":true}]}}